{"id":59,"date":"2019-12-26T17:45:25","date_gmt":"2019-12-26T17:45:25","guid":{"rendered":"https:\/\/sevrin.be\/?page_id=59"},"modified":"2024-12-30T18:11:35","modified_gmt":"2024-12-30T18:11:35","slug":"qui","status":"publish","type":"page","link":"https:\/\/www.sevrin.be\/?page_id=59","title":{"rendered":"Qui"},"content":{"rendered":"\r\n<div class=\"wp-block-group\">\r\n<div class=\"wp-block-group__inner-container is-layout-flow\">\r\n<figure class=\"wp-block-image size-large is-resized\"><img decoding=\"async\" loading=\"lazy\" class=\"wp-image-112 alignleft\" src=\"https:\/\/www.sevrin.be\/wp-content\/uploads\/2019\/12\/PICT0036_2-1024x666.jpg\" alt=\"\" width=\"254\" height=\"164\" srcset=\"https:\/\/www.sevrin.be\/wp-content\/uploads\/2019\/12\/PICT0036_2-1024x666.jpg 1024w, https:\/\/www.sevrin.be\/wp-content\/uploads\/2019\/12\/PICT0036_2-300x195.jpg 300w, https:\/\/www.sevrin.be\/wp-content\/uploads\/2019\/12\/PICT0036_2-768x499.jpg 768w, https:\/\/www.sevrin.be\/wp-content\/uploads\/2019\/12\/PICT0036_2-1536x999.jpg 1536w, https:\/\/www.sevrin.be\/wp-content\/uploads\/2019\/12\/PICT0036_2-2048x1332.jpg 2048w\" sizes=\"(max-width: 254px) 100vw, 254px\" \/><\/figure>\r\n<\/div>\r\n<\/div>\r\n\r\n\r\n\r\n<p>Etienne Sevrin est n\u00e9 \u00e0 Marche-en-Famenne, en Belgique en 1947. Apr\u00e8s une licence en communication, il devient journaliste \u00e0 la Radio T\u00e9l\u00e9vision Belge (RTBF) o\u00f9 il deviendra Directeur de la Radio, puis Directeur des Affaires g\u00e9n\u00e9rales. Il fut \u00e9galement Pr\u00e9sident des Radios Publiques francophones et consultant pour le CIRTEF (Conseil international des radios et t\u00e9l\u00e9visions francophones). <br \/>D\u00e8s ses \u00e9tudes, il s\u2019int\u00e9resse de pr\u00e8s aux arts plastiques. Jo Delahaut, qu\u2019il rencontre\u00a0 en 1983 \u00e0 l\u2019occasion d\u2019un film qu\u2019il lui consacre comme figure marquante du minimalisme g\u00e9om\u00e9trique, l\u2019initiera aux techniques traditionnelles de la peinture jusqu\u2019\u00e0 sa disparition en 1992. Etienne Sevrin s\u2019est install\u00e9\u00a0 en Charente de 2004 \u00e0 2022. Retour en Belgique, \u00e0 Namur, depuis lors.<\/p>\r\n","protected":false},"excerpt":{"rendered":"<p>Etienne Sevrin est n\u00e9 \u00e0 Marche-en-Famenne, en Belgique en 1947. Apr\u00e8s une licence en communication, il devient journaliste \u00e0 la Radio T\u00e9l\u00e9vision Belge (RTBF) o\u00f9 il deviendra Directeur de la Radio, puis Directeur des Affaires g\u00e9n\u00e9rales. Il fut \u00e9galement Pr\u00e9sident des Radios Publiques francophones et consultant pour le CIRTEF (Conseil international des radios et t\u00e9l\u00e9visions &hellip; <\/p>\n<p class=\"link-more\"><a href=\"https:\/\/www.sevrin.be\/?page_id=59\" class=\"more-link\">Continuer la lecture<span class=\"screen-reader-text\"> de &laquo;&nbsp;Qui&nbsp;&raquo;<\/span><\/a><\/p>\n","protected":false},"author":1,"featured_media":0,"parent":0,"menu_order":0,"comment_status":"closed","ping_status":"closed","template":"","meta":[],"yoast_head":"<!-- This site is optimized with the Yoast SEO plugin v20.7 - https:\/\/yoast.com\/wordpress\/plugins\/seo\/ -->\n<title>Qui - Peindre le temps<\/title>\n<meta name=\"robots\" content=\"index, follow, max-snippet:-1, max-image-preview:large, max-video-preview:-1\" \/>\n<link rel=\"canonical\" href=\"https:\/\/www.sevrin.be\/?page_id=59\" \/>\n<meta property=\"og:locale\" content=\"fr_FR\" \/>\n<meta property=\"og:type\" content=\"article\" \/>\n<meta property=\"og:title\" content=\"Qui - Peindre le temps\" \/>\n<meta property=\"og:description\" content=\"Etienne Sevrin est n\u00e9 \u00e0 Marche-en-Famenne, en Belgique en 1947. Apr\u00e8s une licence en communication, il devient journaliste \u00e0 la Radio T\u00e9l\u00e9vision Belge (RTBF) o\u00f9 il deviendra Directeur de la Radio, puis Directeur des Affaires g\u00e9n\u00e9rales. Il fut \u00e9galement Pr\u00e9sident des Radios Publiques francophones et consultant pour le CIRTEF (Conseil international des radios et t\u00e9l\u00e9visions &hellip; Continuer la lecture de &laquo;&nbsp;Qui&nbsp;&raquo;\" \/>\n<meta property=\"og:url\" content=\"https:\/\/www.sevrin.be\/?page_id=59\" \/>\n<meta property=\"og:site_name\" content=\"Peindre le temps\" \/>\n<meta property=\"article:modified_time\" content=\"2024-12-30T18:11:35+00:00\" \/>\n<meta property=\"og:image\" content=\"https:\/\/www.sevrin.be\/wp-content\/uploads\/2019\/12\/PICT0036_2-1024x666.jpg\" \/>\n<meta name=\"twitter:card\" content=\"summary_large_image\" \/>\n<meta name=\"twitter:label1\" content=\"Dur\u00e9e de lecture estim\u00e9e\" \/>\n\t<meta name=\"twitter:data1\" content=\"1 minute\" \/>\n<script type=\"application\/ld+json\" class=\"yoast-schema-graph\">{\"@context\":\"https:\/\/schema.org\",\"@graph\":[{\"@type\":\"WebPage\",\"@id\":\"https:\/\/www.sevrin.be\/?page_id=59\",\"url\":\"https:\/\/www.sevrin.be\/?page_id=59\",\"name\":\"Qui - Peindre le temps\",\"isPartOf\":{\"@id\":\"https:\/\/www.sevrin.be\/#website\"},\"datePublished\":\"2019-12-26T17:45:25+00:00\",\"dateModified\":\"2024-12-30T18:11:35+00:00\",\"breadcrumb\":{\"@id\":\"https:\/\/www.sevrin.be\/?page_id=59#breadcrumb\"},\"inLanguage\":\"fr-FR\",\"potentialAction\":[{\"@type\":\"ReadAction\",\"target\":[\"https:\/\/www.sevrin.be\/?page_id=59\"]}]},{\"@type\":\"BreadcrumbList\",\"@id\":\"https:\/\/www.sevrin.be\/?page_id=59#breadcrumb\",\"itemListElement\":[{\"@type\":\"ListItem\",\"position\":1,\"name\":\"Accueil\",\"item\":\"https:\/\/www.sevrin.be\/\"},{\"@type\":\"ListItem\",\"position\":2,\"name\":\"Qui\"}]},{\"@type\":\"WebSite\",\"@id\":\"https:\/\/www.sevrin.be\/#website\",\"url\":\"https:\/\/www.sevrin.be\/\",\"name\":\"Peindre le temps\",\"description\":\"Etienne Sevrin\",\"potentialAction\":[{\"@type\":\"SearchAction\",\"target\":{\"@type\":\"EntryPoint\",\"urlTemplate\":\"https:\/\/www.sevrin.be\/?s={search_term_string}\"},\"query-input\":\"required name=search_term_string\"}],\"inLanguage\":\"fr-FR\"}]}<\/script>\n<!-- \/ Yoast SEO plugin. -->","yoast_head_json":{"title":"Qui - Peindre le temps","robots":{"index":"index","follow":"follow","max-snippet":"max-snippet:-1","max-image-preview":"max-image-preview:large","max-video-preview":"max-video-preview:-1"},"canonical":"https:\/\/www.sevrin.be\/?page_id=59","og_locale":"fr_FR","og_type":"article","og_title":"Qui - Peindre le temps","og_description":"Etienne Sevrin est n\u00e9 \u00e0 Marche-en-Famenne, en Belgique en 1947. Apr\u00e8s une licence en communication, il devient journaliste \u00e0 la Radio T\u00e9l\u00e9vision Belge (RTBF) o\u00f9 il deviendra Directeur de la Radio, puis Directeur des Affaires g\u00e9n\u00e9rales. Il fut \u00e9galement Pr\u00e9sident des Radios Publiques francophones et consultant pour le CIRTEF (Conseil international des radios et t\u00e9l\u00e9visions &hellip; Continuer la lecture de &laquo;&nbsp;Qui&nbsp;&raquo;","og_url":"https:\/\/www.sevrin.be\/?page_id=59","og_site_name":"Peindre le temps","article_modified_time":"2024-12-30T18:11:35+00:00","og_image":[{"url":"https:\/\/www.sevrin.be\/wp-content\/uploads\/2019\/12\/PICT0036_2-1024x666.jpg"}],"twitter_card":"summary_large_image","twitter_misc":{"Dur\u00e9e de lecture estim\u00e9e":"1 minute"},"schema":{"@context":"https:\/\/schema.org","@graph":[{"@type":"WebPage","@id":"https:\/\/www.sevrin.be\/?page_id=59","url":"https:\/\/www.sevrin.be\/?page_id=59","name":"Qui - Peindre le temps","isPartOf":{"@id":"https:\/\/www.sevrin.be\/#website"},"datePublished":"2019-12-26T17:45:25+00:00","dateModified":"2024-12-30T18:11:35+00:00","breadcrumb":{"@id":"https:\/\/www.sevrin.be\/?page_id=59#breadcrumb"},"inLanguage":"fr-FR","potentialAction":[{"@type":"ReadAction","target":["https:\/\/www.sevrin.be\/?page_id=59"]}]},{"@type":"BreadcrumbList","@id":"https:\/\/www.sevrin.be\/?page_id=59#breadcrumb","itemListElement":[{"@type":"ListItem","position":1,"name":"Accueil","item":"https:\/\/www.sevrin.be\/"},{"@type":"ListItem","position":2,"name":"Qui"}]},{"@type":"WebSite","@id":"https:\/\/www.sevrin.be\/#website","url":"https:\/\/www.sevrin.be\/","name":"Peindre le temps","description":"Etienne Sevrin","potentialAction":[{"@type":"SearchAction","target":{"@type":"EntryPoint","urlTemplate":"https:\/\/www.sevrin.be\/?s={search_term_string}"},"query-input":"required name=search_term_string"}],"inLanguage":"fr-FR"}]}},"_links":{"self":[{"href":"https:\/\/www.sevrin.be\/index.php?rest_route=\/wp\/v2\/pages\/59"}],"collection":[{"href":"https:\/\/www.sevrin.be\/index.php?rest_route=\/wp\/v2\/pages"}],"about":[{"href":"https:\/\/www.sevrin.be\/index.php?rest_route=\/wp\/v2\/types\/page"}],"author":[{"embeddable":true,"href":"https:\/\/www.sevrin.be\/index.php?rest_route=\/wp\/v2\/users\/1"}],"replies":[{"embeddable":true,"href":"https:\/\/www.sevrin.be\/index.php?rest_route=%2Fwp%2Fv2%2Fcomments&post=59"}],"version-history":[{"count":6,"href":"https:\/\/www.sevrin.be\/index.php?rest_route=\/wp\/v2\/pages\/59\/revisions"}],"predecessor-version":[{"id":326,"href":"https:\/\/www.sevrin.be\/index.php?rest_route=\/wp\/v2\/pages\/59\/revisions\/326"}],"wp:attachment":[{"href":"https:\/\/www.sevrin.be\/index.php?rest_route=%2Fwp%2Fv2%2Fmedia&parent=59"}],"curies":[{"name":"wp","href":"https:\/\/api.w.org\/{rel}","templated":true}]}}